{"id":1468,"date":"2023-02-27T14:39:30","date_gmt":"2023-02-27T13:39:30","guid":{"rendered":"https:\/\/www.n-g.at\/agua\/"},"modified":"2023-07-03T16:25:29","modified_gmt":"2023-07-03T14:25:29","slug":"agua","status":"publish","type":"page","link":"https:\/\/www.n-g.at\/es\/agua\/","title":{"rendered":"Agua"},"content":{"rendered":"<div class='content-column one_half'><div style=\"padding:20px 20px 20px 20px;\"><p><img loading=\"lazy\" decoding=\"async\" src=\"https:\/\/www.n-g.at\/wp-content\/uploads\/2023\/02\/Wasser.webp\" alt=\"\" width=\"400\" height=\"249\" class=\"alignleft wp-image-820\" srcset=\"https:\/\/www.n-g.at\/wp-content\/uploads\/2023\/02\/Wasser.webp 800w, https:\/\/www.n-g.at\/wp-content\/uploads\/2023\/02\/Wasser-300x187.webp 300w, https:\/\/www.n-g.at\/wp-content\/uploads\/2023\/02\/Wasser-768x478.webp 768w\" sizes=\"auto, (max-width: 400px) 100vw, 400px\" \/><\/p><\/div><\/div>\n<div class='content-column one_half'><div style=\"padding:20px 20px 20px 20px;\"><p>&nbsp;<\/p>\n<h4>Agua de mayor calidad gracias a la reducci\u00f3n de contaminantes, g\u00e9rmenes y aumento de energ\u00eda<\/h4>\n<p>&nbsp;<\/p>\n<p>&nbsp;<\/p><\/div><\/div>\n<ul>\n<li>Esta agua sabe fresca y suave, como de un manantial de monta\u00f1a.<\/li>\n<li>Bebidas como t\u00e9, caf\u00e9, etc. &#8230;. beber se convierte en una experiencia completamente nueva.<\/li>\n<li>Las plantas crecen mejor.<\/li>\n<li>Se pueden ahorrar productos de limpieza.<\/li>\n<li>Dep\u00f3sitos de cal menos<\/li>\n<li>efecto antibacteriano<\/li>\n<\/ul>\n<p>&nbsp;<\/p>\n<div id=\"accordions-1694\" class=\"accordions-1694 accordions\" data-accordions={&quot;lazyLoad&quot;:true,&quot;id&quot;:&quot;1694&quot;,&quot;event&quot;:&quot;click&quot;,&quot;collapsible&quot;:&quot;true&quot;,&quot;heightStyle&quot;:&quot;content&quot;,&quot;animateStyle&quot;:&quot;swing&quot;,&quot;animateDelay&quot;:1000,&quot;navigation&quot;:true,&quot;active&quot;:999,&quot;expandedOther&quot;:&quot;no&quot;}>\r\n                <div id=\"accordions-lazy-1694\" class=\"accordions-lazy\" accordionsId=\"1694\">\r\n                    <\/div>\r\n\r\n    <div class=\"items\"  style=\"display:none\" >\r\n    \r\n            <div post_id=\"1694\" itemcount=\"0\"  header_id=\"header-1677511675255\" id=\"header-1677511675255\" style=\"\" class=\"accordions-head head1677511675255 border-none\" toggle-text=\"\" main-text=\"Productos\">\r\n                                    <span id=\"accordion-icons-1677511675255\" class=\"accordion-icons\">\r\n                        <span class=\"accordion-icon-active accordion-plus\"><i class=\"fas fa-chevron-up\"><\/i><\/span>\r\n                        <span class=\"accordion-icon-inactive accordion-minus\"><i class=\"fas fa-chevron-right\"><\/i><\/span>\r\n                    <\/span>\r\n                    <span id=\"header-text-1677511675255\" class=\"accordions-head-title\">Productos<\/span>\r\n                            <\/div>\r\n            <div class=\"accordion-content content1677511675255 \">\r\n                <p><div class='content-column one_fourth'><div style=\"padding:20px 20px 20px 20px;\"><p><img loading=\"lazy\" decoding=\"async\" width=\"150\" height=\"150\" class=\"aligncenter size-thumbnail wp-image-837\" src=\"https:\/\/www.n-g.at\/wp-content\/uploads\/2023\/02\/Wasserstein_Haus-150x150.png\" alt=\"\" \/><\/p>\n<h4 style=\"text-align: center;\">Tuber\u00eda de agua<\/h4><\/div><\/div><\/p>\n<p><div class='content-column one_fourth'><div style=\"padding:20px 20px 20px 20px;\"><p><img loading=\"lazy\" decoding=\"async\" width=\"150\" height=\"150\" class=\"aligncenter size-thumbnail wp-image-839\" src=\"https:\/\/www.n-g.at\/wp-content\/uploads\/2023\/02\/Wasserstein_Stein-150x150.png\" alt=\"\" \/><\/p>\n<h4 style=\"text-align: center;\">Piedra<br \/>\nhasta 10 L<\/h4><\/div><\/div><\/p>\n<p><div class='content-column one_fourth'><div style=\"padding:20px 20px 20px 20px;\"><p><img loading=\"lazy\" decoding=\"async\" width=\"150\" height=\"150\" class=\"aligncenter size-thumbnail wp-image-838\" src=\"https:\/\/www.n-g.at\/wp-content\/uploads\/2023\/02\/Wasserstein_Kugel-150x150.png\" alt=\"\" \/><\/p>\n<h4 style=\"text-align: center;\">Bola<br \/>\npara dep\u00f3sitos de agua peque\u00f1os<\/h4><\/div><\/div><\/p>\n<p><div class='content-column one_fourth last_column'><div style=\"padding:20px 20px 20px 20px;\"><p><img loading=\"lazy\" decoding=\"async\" width=\"150\" height=\"150\" class=\"aligncenter size-thumbnail wp-image-836\" src=\"https:\/\/www.n-g.at\/wp-content\/uploads\/2023\/02\/Stoffwechselflasche-150x150.png\" alt=\"\" \/><\/p>\n<h4 style=\"text-align: center;\">Para la carretera<\/h4><\/div><\/div><div class='clear_column'><\/div><\/p>\n            <\/div>\r\n    <\/div>\r\n\r\n\r\n\r\n            <\/div>\n<div id=\"accordions-1696\" class=\"accordions-1696 accordions\" data-accordions={&quot;lazyLoad&quot;:true,&quot;id&quot;:&quot;1696&quot;,&quot;event&quot;:&quot;click&quot;,&quot;collapsible&quot;:&quot;true&quot;,&quot;heightStyle&quot;:&quot;content&quot;,&quot;animateStyle&quot;:&quot;swing&quot;,&quot;animateDelay&quot;:1000,&quot;navigation&quot;:true,&quot;active&quot;:999,&quot;expandedOther&quot;:&quot;no&quot;}>\r\n                <div id=\"accordions-lazy-1696\" class=\"accordions-lazy\" accordionsId=\"1696\">\r\n                    <\/div>\r\n\r\n    <div class=\"items\"  style=\"display:none\" >\r\n    \r\n            <div post_id=\"1696\" itemcount=\"0\"  header_id=\"header-1677508970049\" id=\"header-1677508970049\" style=\"\" class=\"accordions-head head1677508970049 border-none\" toggle-text=\"\" main-text=\"Medida: Pozo de agua\">\r\n                                    <span id=\"accordion-icons-1677508970049\" class=\"accordion-icons\">\r\n                        <span class=\"accordion-icon-active accordion-plus\"><i class=\"fas fa-chevron-up\"><\/i><\/span>\r\n                        <span class=\"accordion-icon-inactive accordion-minus\"><i class=\"fas fa-chevron-right\"><\/i><\/span>\r\n                    <\/span>\r\n                    <span id=\"header-text-1677508970049\" class=\"accordions-head-title\">Medida: Pozo de agua<\/span>\r\n                            <\/div>\r\n            <div class=\"accordion-content content1677508970049 \">\r\n                <h3>2011 Mala calidad del agua - no hay agua potable \/ 2017 Agua potable<\/h3>\n<p><div class='content-column one_half'><div style=\"padding:20px 20px 20px 20px;\"><p><img loading=\"lazy\" decoding=\"async\" width=\"422\" height=\"210\" class=\"alignleft wp-image-824\" src=\"https:\/\/www.n-g.at\/wp-content\/uploads\/2023\/02\/brunnen.png\" alt=\"\" srcset=\"https:\/\/www.n-g.at\/wp-content\/uploads\/2023\/02\/brunnen.png 422w, https:\/\/www.n-g.at\/wp-content\/uploads\/2023\/02\/brunnen-300x149.png 300w\" sizes=\"auto, (max-width: 422px) 100vw, 422px\" \/><\/div><\/div><\/p>\n<p><div class='content-column one_half'><div style=\"padding:20px 20px 20px 20px;\"><p>Estimado Sr. Ing. Renner,<\/p>\n<div>En 2011, hicimos analizar el agua de nuestro nuevo pozo. Las bacterias coliformes eran demasiado altas, 11 (por tanto, no hab\u00eda agua potable).<\/div>\n<div>Los recuentos bacterianos a 22 \u00b0 y a 37 \u00b0 estaban bien. Esta fue la primera investigaci\u00f3n de nuestra agua de pozo (pozo profundo, aprox. 22 m de profundidad) desde 2011. Incluso entre medias, el agua no ha mejorado. Nos han dado de plazo hasta marzo de 2017 para arreglar el agua, pero \u00bfc\u00f3mo?<\/div><\/div><\/div>\n<div><\/div>\n<div>En la feria de Fr\u00e1ncfort hablamos de la posibilidad de cambiar el agua y usted dijo que podr\u00edamos hacerlo. para poder mejorar la calidad del agua y convertirla en potable, y hemos iniciado el ensayo.<\/div>\n<div>\n<p><div class='content-column one_half'><div style=\"padding:20px 20px 20px 20px;\"><p><img loading=\"lazy\" decoding=\"async\" width=\"1163\" height=\"1600\" class=\"alignleft wp-image-828\" src=\"https:\/\/www.n-g.at\/wp-content\/uploads\/2023\/02\/Wasser_vorher.jpg\" alt=\"\" srcset=\"https:\/\/www.n-g.at\/wp-content\/uploads\/2023\/02\/Wasser_vorher.jpg 1163w, https:\/\/www.n-g.at\/wp-content\/uploads\/2023\/02\/Wasser_vorher-218x300.jpg 218w, https:\/\/www.n-g.at\/wp-content\/uploads\/2023\/02\/Wasser_vorher-744x1024.jpg 744w, https:\/\/www.n-g.at\/wp-content\/uploads\/2023\/02\/Wasser_vorher-768x1057.jpg 768w, https:\/\/www.n-g.at\/wp-content\/uploads\/2023\/02\/Wasser_vorher-1116x1536.jpg 1116w\" sizes=\"auto, (max-width: 1163px) 100vw, 1163px\" \/><\/p><\/div><\/div><\/p>\n<p><div class='content-column one_half'><div style=\"padding:20px 20px 20px 20px;\"><p><img loading=\"lazy\" decoding=\"async\" width=\"829\" height=\"822\" class=\"alignleft wp-image-829\" src=\"https:\/\/www.n-g.at\/wp-content\/uploads\/2023\/02\/Wasser_nachher.jpg\" alt=\"\" srcset=\"https:\/\/www.n-g.at\/wp-content\/uploads\/2023\/02\/Wasser_nachher.jpg 829w, https:\/\/www.n-g.at\/wp-content\/uploads\/2023\/02\/Wasser_nachher-300x297.jpg 300w, https:\/\/www.n-g.at\/wp-content\/uploads\/2023\/02\/Wasser_nachher-150x150.jpg 150w, https:\/\/www.n-g.at\/wp-content\/uploads\/2023\/02\/Wasser_nachher-768x762.jpg 768w\" sizes=\"auto, (max-width: 829px) 100vw, 829px\" \/><\/p><\/div><\/div><\/p>\n<\/div>\n<div><\/div>\n<div><\/div>\n<div><\/div>\n<div><\/div>\n<div><\/div>\n<div><\/div>\n<div><\/div>\n<div><\/div>\n<div><span style=\"text-decoration: underline\">A partir del 27 Nov. En 2016, instalamos la piedra de mejora de agua BE en el s\u00f3tano, cerca de la tuber\u00eda principal (del pozo). He adjuntado el resultado del examen del 17.03.2017. . \u00a1La bacteria coliforme con 0 est\u00e1 ahora bien !<\/span><\/div>\n<div><\/div>\n<div>Me alegro de que ya no haya bacterias en el agua y de que ahora el agua tenga el certificado de agua potable. \u00a1Esto fue absolutamente causado por la piedra de agua BE !<\/div>\n            <\/div>\r\n    <\/div>\r\n\r\n\r\n\r\n            <\/div>\n<div id=\"accordions-1692\" class=\"accordions-1692 accordions\" data-accordions={&quot;lazyLoad&quot;:true,&quot;id&quot;:&quot;1692&quot;,&quot;event&quot;:&quot;click&quot;,&quot;collapsible&quot;:&quot;true&quot;,&quot;heightStyle&quot;:&quot;content&quot;,&quot;animateStyle&quot;:&quot;swing&quot;,&quot;animateDelay&quot;:1000,&quot;navigation&quot;:true,&quot;active&quot;:999,&quot;expandedOther&quot;:&quot;no&quot;}>\r\n                <div id=\"accordions-lazy-1692\" class=\"accordions-lazy\" accordionsId=\"1692\">\r\n                    <\/div>\r\n\r\n    <div class=\"items\"  style=\"display:none\" >\r\n    \r\n            <div post_id=\"1692\" itemcount=\"0\"  header_id=\"header-1677525882105\" id=\"header-1677525882105\" style=\"\" class=\"accordions-head head1677525882105 border-none\" toggle-text=\"\" main-text=\"Informe: Mejora del agua: ya no es necesaria la descalcificaci\u00f3n\">\r\n                                    <span id=\"accordion-icons-1677525882105\" class=\"accordion-icons\">\r\n                        <span class=\"accordion-icon-active accordion-plus\"><i class=\"fas fa-chevron-up\"><\/i><\/span>\r\n                        <span class=\"accordion-icon-inactive accordion-minus\"><i class=\"fas fa-chevron-right\"><\/i><\/span>\r\n                    <\/span>\r\n                    <span id=\"header-text-1677525882105\" class=\"accordions-head-title\">Informe: Mejora del agua: ya no es necesaria la descalcificaci\u00f3n<\/span>\r\n                            <\/div>\r\n            <div class=\"accordion-content content1677525882105 \">\r\n                <p><div class='content-column one_half'><div style=\"padding:20px 20px 20px 20px;\"><p><img loading=\"lazy\" decoding=\"async\" width=\"665\" height=\"1024\" class=\"wp-image-844 alignleft\" src=\"https:\/\/www.n-g.at\/wp-content\/uploads\/2023\/02\/Kalk-665x1024.png\" alt=\"\" srcset=\"https:\/\/www.n-g.at\/wp-content\/uploads\/2023\/02\/Kalk-665x1024.png 665w, https:\/\/www.n-g.at\/wp-content\/uploads\/2023\/02\/Kalk-195x300.png 195w, https:\/\/www.n-g.at\/wp-content\/uploads\/2023\/02\/Kalk-768x1182.png 768w, https:\/\/www.n-g.at\/wp-content\/uploads\/2023\/02\/Kalk-998x1536.png 998w, https:\/\/www.n-g.at\/wp-content\/uploads\/2023\/02\/Kalk.png 1029w\" sizes=\"auto, (max-width: 665px) 100vw, 665px\" \/><\/p><\/div><\/div><\/p>\n<p><div class='content-column one_half'><div style=\"padding:20px 20px 20px 20px;\"><p>Estimado Sr. Bieder,<br \/>\nQuerido Werner,<\/p>\n<p>Bas\u00e1ndome en nuestra conversaci\u00f3n de primavera, decid\u00ed comprar la piedra de descalcificaci\u00f3n o piedra de agua NG grande en verano.<\/p>\n<p>De acuerdo con su afirmaci\u00f3n, esto fija la cal en el agua y lava sucesivamente las tuber\u00edas de agua a trav\u00e9s del consumo de agua. Me complace informarles de que la piedra cumple lo prometido. Mis observaciones en curso durante 4 meses la cal se disuelve realmente de manera excelente.<\/p>\n<p>En el caso de los lavamanos muy frecuentados del cuarto de ba\u00f1o, el borde calc\u00e1reo del desag\u00fce queda reluciente sin necesidad de productos de limpieza adicionales.<\/p>\n<p>No s\u00f3lo el lavabo, sino tambi\u00e9n la ba\u00f1era y la alcachofa de la ducha pierden los \u00faltimos restos de cal. Al fregar el acero inoxidable en la cocina, las gotas de agua secas pueden limpiarse f\u00e1cilmente con un pa\u00f1o h\u00famedo sin dejar residuos.<\/div><\/div><\/p>\n<p>Ahora hemos estado usando la piedra de agua durante unos 4 meses y tengo que decir franca y honestamente que no querr\u00eda prescindir de ella.<\/p>\n<p>Por no hablar del enorme ahorro frente<br \/>\nsobre un sistema de descalcificaci\u00f3n y la ventaja especialmente importante para el MEDIO AMBIENTE.<br \/>\nEstuvo bien que habl\u00e1ramos de este tema, \u00a1gracias por ello!<\/p>\n<p>Saludos cordiales<\/p>\n<p>Erwin Brandmayer<br \/>\nerwin.brandmayer@aon.at<\/p>\n            <\/div>\r\n    <\/div>\r\n\r\n\r\n\r\n            <\/div>\n<p>&nbsp;<\/p>\n<p>&nbsp;<\/p>\n<p>&nbsp;<\/p>\n","protected":false},"excerpt":{"rendered":"<p>Esta agua sabe fresca y suave, como de un manantial de monta\u00f1a. Bebidas como t\u00e9, caf\u00e9, etc. &#8230;. beber se convierte en una experiencia completamente nueva. Las plantas crecen mejor. Se pueden ahorrar productos de limpieza. Dep\u00f3sitos de cal menos efecto antibacteriano &nbsp; &nbsp; &nbsp; &nbsp;<\/p>\n","protected":false},"author":1,"featured_media":0,"parent":0,"menu_order":0,"comment_status":"closed","ping_status":"closed","template":"page-templates\/template-fullwidth.php","meta":{"om_disable_all_campaigns":false,"_monsterinsights_skip_tracking":false,"_monsterinsights_sitenote_active":false,"_monsterinsights_sitenote_note":"","_monsterinsights_sitenote_category":0,"_uf_show_specific_survey":0,"_uf_disable_surveys":false,"_themeisle_gutenberg_block_has_review":false,"footnotes":""},"class_list":["post-1468","page","type-page","status-publish","hentry"],"aioseo_notices":[],"_links":{"self":[{"href":"https:\/\/www.n-g.at\/es\/wp-json\/wp\/v2\/pages\/1468","targetHints":{"allow":["GET"]}}],"collection":[{"href":"https:\/\/www.n-g.at\/es\/wp-json\/wp\/v2\/pages"}],"about":[{"href":"https:\/\/www.n-g.at\/es\/wp-json\/wp\/v2\/types\/page"}],"author":[{"embeddable":true,"href":"https:\/\/www.n-g.at\/es\/wp-json\/wp\/v2\/users\/1"}],"replies":[{"embeddable":true,"href":"https:\/\/www.n-g.at\/es\/wp-json\/wp\/v2\/comments?post=1468"}],"version-history":[{"count":5,"href":"https:\/\/www.n-g.at\/es\/wp-json\/wp\/v2\/pages\/1468\/revisions"}],"predecessor-version":[{"id":1915,"href":"https:\/\/www.n-g.at\/es\/wp-json\/wp\/v2\/pages\/1468\/revisions\/1915"}],"wp:attachment":[{"href":"https:\/\/www.n-g.at\/es\/wp-json\/wp\/v2\/media?parent=1468"}],"curies":[{"name":"wp","href":"https:\/\/api.w.org\/{rel}","templated":true}]}}