{"id":1372,"date":"2023-02-06T20:02:33","date_gmt":"2023-02-06T19:02:33","guid":{"rendered":"https:\/\/www.n-g.at\/tecnologia\/"},"modified":"2023-06-12T15:47:44","modified_gmt":"2023-06-12T13:47:44","slug":"tecnologia","status":"publish","type":"page","link":"https:\/\/www.n-g.at\/es\/","title":{"rendered":"Tecnolog\u00eda"},"content":{"rendered":"<p style=\"text-align: center;\">\u25ca\u25ca\u25ca<\/p>\n<p style=\"text-align: left;\">Si nos fijamos en las estructuras m\u00e1s peque\u00f1as, resulta evidente que todo vibra. \u00bf\u00bbEnerg\u00eda oscura\u00bb, energ\u00eda espacial, oscilaciones cu\u00e1nticas&#8230;? Poco a poco, la f\u00edsica moderna va reconociendo tambi\u00e9n que esta forma de energ\u00eda invisible debe estar presente para explicar los fen\u00f3menos de la f\u00edsica de part\u00edculas. Aprovechamos esta energ\u00eda y refinamos la materia con nuevas propiedades.<\/p>\n<hr \/>\n<p style=\"text-align: center;\">\u25ca\u25ca\u25ca<\/p>\n<p>Con la tecnolog\u00eda NG es posible resolver activamente muchos problemas medioambientales y aumentar la calidad de vida de animales y humanos. La gama de 30 productos se ampl\u00eda constantemente. En nuestro trabajo diario, queremos lograr el m\u00e1ximo nivel de satisfacci\u00f3n de nuestros clientes y hacer juntos que el mundo sea un poco mejor.<\/p>\n<hr \/>\n<p style=\"text-align: center;\">\u25ca\u25ca\u25ca<\/p>\n<p>La NG es ahora una agrupaci\u00f3n internacional con sedes en varios pa\u00edses europeos. NG-International, centrada en la producci\u00f3n y la venta, se encuentra en una posici\u00f3n ideal para los sectores industriales, especialmente para la industria del autom\u00f3vil, ya que cuenta con la certificaci\u00f3n T\u00dcV ISO 9001 y figura en ella como proveedor.<\/p>\n<p>&nbsp;<\/p>\n<p style=\"text-align: center;\"><a href=\"https:\/\/www.n-g.at\/wp-content\/uploads\/2023\/04\/Infokatalog_Spanisch.pdf\">Folleto informativo <\/a><\/p>\n<hr \/>\n<p style=\"text-align: center;\"><a href=\"https:\/\/new-generation-bio.com\/jtl\/\" target=\"_blank\" rel=\"noopener\"><img loading=\"lazy\" decoding=\"async\" src=\"https:\/\/www.n-g.at\/wp-content\/uploads\/2023\/02\/Einkaufswagen-150x150.png\" alt=\"\" width=\"35\" height=\"35\" class=\"alignnone wp-image-256\" srcset=\"https:\/\/www.n-g.at\/wp-content\/uploads\/2023\/02\/Einkaufswagen-150x150.png 150w, https:\/\/www.n-g.at\/wp-content\/uploads\/2023\/02\/Einkaufswagen-300x300.png 300w, https:\/\/www.n-g.at\/wp-content\/uploads\/2023\/02\/Einkaufswagen.png 469w\" sizes=\"auto, (max-width: 35px) 100vw, 35px\" \/><\/a> Haga clic aqu\u00ed para ir a <a href=\"https:\/\/new-generation-bio.com\/jtl\/\" target=\"_blank\" rel=\"noopener\">la tienda de NG-International &amp; Co. k.s<\/a> <a href=\"https:\/\/new-generation-bio.com\/jtl\/\" target=\"_blank\" rel=\"noopener\"> <\/a><a href=\"https:\/\/new-generation-bio.com\/jtl\/\" target=\"_blank\" rel=\"noopener\"><\/a><a href=\"https:\/\/new-generation-bio.com\/jtl\/\" target=\"_blank\" rel=\"noopener\"><\/a><\/p>\n<p>&nbsp;<\/p>\n<p>&nbsp;<\/p>\n","protected":false},"excerpt":{"rendered":"<p>\u25ca\u25ca\u25ca Si nos fijamos en las estructuras m\u00e1s peque\u00f1as, resulta evidente que todo vibra. \u00bf\u00bbEnerg\u00eda oscura\u00bb, energ\u00eda espacial, oscilaciones cu\u00e1nticas&#8230;? Poco a poco, la f\u00edsica moderna va reconociendo tambi\u00e9n que esta forma de energ\u00eda invisible debe estar presente para explicar los fen\u00f3menos de la f\u00edsica de part\u00edculas. Aprovechamos esta energ\u00eda [&hellip;]<\/p>\n","protected":false},"author":1,"featured_media":0,"parent":0,"menu_order":0,"comment_status":"closed","ping_status":"closed","template":"page-templates\/template-fullwidth.php","meta":{"om_disable_all_campaigns":false,"_monsterinsights_skip_tracking":false,"_monsterinsights_sitenote_active":false,"_monsterinsights_sitenote_note":"","_monsterinsights_sitenote_category":0,"_uf_show_specific_survey":0,"_uf_disable_surveys":false,"_themeisle_gutenberg_block_has_review":false,"footnotes":""},"class_list":["post-1372","page","type-page","status-publish","hentry"],"aioseo_notices":[],"_links":{"self":[{"href":"https:\/\/www.n-g.at\/es\/wp-json\/wp\/v2\/pages\/1372","targetHints":{"allow":["GET"]}}],"collection":[{"href":"https:\/\/www.n-g.at\/es\/wp-json\/wp\/v2\/pages"}],"about":[{"href":"https:\/\/www.n-g.at\/es\/wp-json\/wp\/v2\/types\/page"}],"author":[{"embeddable":true,"href":"https:\/\/www.n-g.at\/es\/wp-json\/wp\/v2\/users\/1"}],"replies":[{"embeddable":true,"href":"https:\/\/www.n-g.at\/es\/wp-json\/wp\/v2\/comments?post=1372"}],"version-history":[{"count":4,"href":"https:\/\/www.n-g.at\/es\/wp-json\/wp\/v2\/pages\/1372\/revisions"}],"predecessor-version":[{"id":1863,"href":"https:\/\/www.n-g.at\/es\/wp-json\/wp\/v2\/pages\/1372\/revisions\/1863"}],"wp:attachment":[{"href":"https:\/\/www.n-g.at\/es\/wp-json\/wp\/v2\/media?parent=1372"}],"curies":[{"name":"wp","href":"https:\/\/api.w.org\/{rel}","templated":true}]}}