{"id":1445,"date":"2023-02-23T14:20:46","date_gmt":"2023-02-23T13:20:46","guid":{"rendered":"https:\/\/www.n-g.at\/e-smog\/"},"modified":"2023-07-11T17:21:10","modified_gmt":"2023-07-11T15:21:10","slug":"e-smog","status":"publish","type":"page","link":"https:\/\/www.n-g.at\/en\/e-smog\/","title":{"rendered":"E-smog"},"content":{"rendered":"<h1 style=\"text-align: left;\">E-smog<\/h1>\n<div class='content-column one_half'><div style=\"padding:20px 20px 20px 20px;\"><p style=\"text-align: left;\"><img loading=\"lazy\" decoding=\"async\" src=\"https:\/\/www.n-g.at\/wp-content\/uploads\/2023\/02\/Aura2-e1677157921945-300x274.png\" alt=\"\" width=\"300\" height=\"274\" class=\"wp-image-718 size-medium alignleft\" srcset=\"https:\/\/www.n-g.at\/wp-content\/uploads\/2023\/02\/Aura2-e1677157921945-300x274.png 300w, https:\/\/www.n-g.at\/wp-content\/uploads\/2023\/02\/Aura2-e1677157921945-768x702.png 768w, https:\/\/www.n-g.at\/wp-content\/uploads\/2023\/02\/Aura2-e1677157921945.png 779w\" sizes=\"auto, (max-width: 300px) 100vw, 300px\" \/><\/div><\/div>\n<div class='content-column one_half'><div style=\"padding:20px 20px 20px 20px;\"><p>&nbsp;<\/p>\n<p style=\"text-align: left;\">&#8211; Accu-Power for E-smog harmonization<\/p>\n<p style=\"text-align: left;\">&#8211; E-smog harmonization bracelet<\/p>\n<p style=\"text-align: left;\">&#8211; Pyramid for E-smog harmonizations in rooms<\/p>\n<p>&nbsp;<\/p>\n<p style=\"text-align: left;\"><\/div><\/div>\n<p>&nbsp;<\/p>\n<p>&nbsp;<\/p>\n<p>&nbsp;<\/p>\n<div id=\"accordions-731\" class=\"accordions-731 accordions\" data-accordions={&quot;lazyLoad&quot;:true,&quot;id&quot;:&quot;731&quot;,&quot;event&quot;:&quot;click&quot;,&quot;collapsible&quot;:&quot;true&quot;,&quot;heightStyle&quot;:&quot;content&quot;,&quot;animateStyle&quot;:&quot;swing&quot;,&quot;animateDelay&quot;:1000,&quot;navigation&quot;:true,&quot;active&quot;:999,&quot;expandedOther&quot;:&quot;no&quot;}>\r\n                <div id=\"accordions-lazy-731\" class=\"accordions-lazy\" accordionsId=\"731\">\r\n                    <\/div>\r\n\r\n    <div class=\"items\"  style=\"display:none\" >\r\n    \r\n            <div post_id=\"731\" itemcount=\"0\"  header_id=\"header-1677160312967\" id=\"header-1677160312967\" style=\"\" class=\"accordions-head head1677160312967 border-none\" toggle-text=\"\" main-text=\"Wirkweise\">\r\n                                    <span id=\"accordion-icons-1677160312967\" class=\"accordion-icons\">\r\n                        <span class=\"accordion-icon-active accordion-plus\"><i class=\"fas fa-chevron-up\"><\/i><\/span>\r\n                        <span class=\"accordion-icon-inactive accordion-minus\"><i class=\"fas fa-chevron-right\"><\/i><\/span>\r\n                    <\/span>\r\n                    <span id=\"header-text-1677160312967\" class=\"accordions-head-title\">Wirkweise<\/span>\r\n                            <\/div>\r\n            <div class=\"accordion-content content1677160312967 \">\r\n                <p><div class='content-column one_half'><div style=\"padding:20px 20px20px 20px;\"><p><img loading=\"lazy\" decoding=\"async\" width=\"158\" height=\"300\" class=\"alignleft size-medium wp-image-732\" src=\"https:\/\/www.n-g.at\/wp-content\/uploads\/2023\/02\/E-Smog_P-158x300.jpg\" alt=\"\" srcset=\"https:\/\/www.n-g.at\/wp-content\/uploads\/2023\/02\/E-Smog_P-158x300.jpg 158w, https:\/\/www.n-g.at\/wp-content\/uploads\/2023\/02\/E-Smog_P.jpg 408w\" sizes=\"auto, (max-width: 158px) 100vw, 158px\" \/><\/p><\/div><\/div><\/p>\n<p><div class='content-column one_half'><div style=\"padding:20px 20px20px 20px;\"><p>&nbsp;<\/p>\n<p>&nbsp;<\/p>\n<p>Durch die E-Smog-Produkte werden Energieschwingungen harmonisiert. In Wechselwirkung mit den menschlichen Feldern wird dadurch die negative Wirkung aufgehoben. Das hat keine Auswirkung auf das Empfangssignal von Funkger\u00e4ten. Die Ver\u00e4nderung ist ausschlie\u00dflich auf die Wechselwirkung mit den biologischen Zellprozessen beim Menschen ausgelegt.<\/p><\/div><\/div><\/p>\n            <\/div>\r\n    <\/div>\r\n\r\n\r\n\r\n            <\/div>\n<div id=\"accordions-737\" class=\"accordions-737 accordions\" data-accordions={&quot;lazyLoad&quot;:true,&quot;id&quot;:&quot;737&quot;,&quot;event&quot;:&quot;click&quot;,&quot;collapsible&quot;:&quot;true&quot;,&quot;heightStyle&quot;:&quot;content&quot;,&quot;animateStyle&quot;:&quot;swing&quot;,&quot;animateDelay&quot;:1000,&quot;navigation&quot;:true,&quot;active&quot;:999,&quot;expandedOther&quot;:&quot;no&quot;}>\r\n                <div id=\"accordions-lazy-737\" class=\"accordions-lazy\" accordionsId=\"737\">\r\n                    <\/div>\r\n\r\n    <div class=\"items\"  style=\"display:none\" >\r\n    \r\n            <div post_id=\"737\" itemcount=\"0\"  header_id=\"header-1677162253406\" id=\"header-1677162253406\" style=\"\" class=\"accordions-head head1677162253406 border-none\" toggle-text=\"\" main-text=\"Aurafotografie: Accu-Power\">\r\n                                    <span id=\"accordion-icons-1677162253406\" class=\"accordion-icons\">\r\n                        <span class=\"accordion-icon-active accordion-plus\"><i class=\"fas fa-chevron-up\"><\/i><\/span>\r\n                        <span class=\"accordion-icon-inactive accordion-minus\"><i class=\"fas fa-chevron-right\"><\/i><\/span>\r\n                    <\/span>\r\n                    <span id=\"header-text-1677162253406\" class=\"accordions-head-title\">Aurafotografie: Accu-Power<\/span>\r\n                            <\/div>\r\n            <div class=\"accordion-content content1677162253406 \">\r\n                <p><div class='content-column one_half'><div style=\"padding:20px 20px20px 20px;\"><p><img loading=\"lazy\" decoding=\"async\" width=\"225\" height=\"300\" class=\"alignleft wp-image-738 size-medium\" src=\"https:\/\/www.n-g.at\/wp-content\/uploads\/2023\/02\/Aura1-225x300.png\" alt=\"\" srcset=\"https:\/\/www.n-g.at\/wp-content\/uploads\/2023\/02\/Aura1-225x300.png 225w, https:\/\/www.n-g.at\/wp-content\/uploads\/2023\/02\/Aura1-768x1023.png 768w, https:\/\/www.n-g.at\/wp-content\/uploads\/2023\/02\/Aura1.png 773w\" sizes=\"auto, (max-width: 225px) 100vw, 225px\" \/><\/p><\/div><\/div><\/p>\n<p><div class='content-column one_half'><div style=\"padding:20px 20px20px 20px;\"><p>&nbsp;<\/p>\n<p>&nbsp;<\/p>\n<p>Es wurde ein gleichlanges Telefonat mit einem Handy OHNE Accu Power-Aufkleber (erstes Bild), und einem Handy MIT Accu Power-Aufkleber (zweites Bild) gef\u00fchrt. Die dunklen Stellen auf dem Bild deuten auf Energieverlust hin, gut sichtbar um den Kopf herum.<\/p>\n<p>&nbsp;<\/p>\n<p>&nbsp;<\/p>\n<p>&nbsp;<\/p><\/div><\/div><\/p>\n<p>&nbsp;<\/p>\n<p><div class='content-column one_half'><div style=\"padding:20px 20px20px 20px;\"><p><img loading=\"lazy\" decoding=\"async\" width=\"230\" height=\"300\" class=\"alignleft wp-image-739 size-medium\" src=\"https:\/\/www.n-g.at\/wp-content\/uploads\/2023\/02\/Aura2-1-230x300.png\" alt=\"\" srcset=\"https:\/\/www.n-g.at\/wp-content\/uploads\/2023\/02\/Aura2-1-230x300.png 230w, https:\/\/www.n-g.at\/wp-content\/uploads\/2023\/02\/Aura2-1-786x1024.png 786w, https:\/\/www.n-g.at\/wp-content\/uploads\/2023\/02\/Aura2-1-768x1001.png 768w, https:\/\/www.n-g.at\/wp-content\/uploads\/2023\/02\/Aura2-1.png 792w\" sizes=\"auto, (max-width: 230px) 100vw, 230px\" \/><\/p><\/div><\/div><\/p>\n<p><div class='content-column one_half'><div style=\"padding:20px 20px20px 20px;\"><p>&nbsp;<\/p>\n<p>&nbsp;<\/p>\n<p>Dieses Bild ist sehr viel balancierter, der Accu Power gleicht aus und ist klar ein Schutz f\u00fcr den K\u00f6rper.<\/p><\/div><\/div><\/p>\n            <\/div>\r\n    <\/div>\r\n\r\n\r\n\r\n            <\/div>\n<div id=\"accordions-757\" class=\"accordions-757 accordions\" data-accordions={&quot;lazyLoad&quot;:true,&quot;id&quot;:&quot;757&quot;,&quot;event&quot;:&quot;click&quot;,&quot;collapsible&quot;:&quot;true&quot;,&quot;heightStyle&quot;:&quot;content&quot;,&quot;animateStyle&quot;:&quot;swing&quot;,&quot;animateDelay&quot;:1000,&quot;navigation&quot;:true,&quot;active&quot;:999,&quot;expandedOther&quot;:&quot;no&quot;}>\r\n                <div id=\"accordions-lazy-757\" class=\"accordions-lazy\" accordionsId=\"757\">\r\n                    <\/div>\r\n\r\n    <div class=\"items\"  style=\"display:none\" >\r\n    \r\n            <div post_id=\"757\" itemcount=\"0\"  header_id=\"header-1677260938643\" id=\"header-1677260938643\" style=\"\" class=\"accordions-head head1677260938643 border-none\" toggle-text=\"\" main-text=\"Kundenbericht: Akkukapazit\u00e4t beim Handy\">\r\n                                    <span id=\"accordion-icons-1677260938643\" class=\"accordion-icons\">\r\n                        <span class=\"accordion-icon-active accordion-plus\"><i class=\"fas fa-chevron-up\"><\/i><\/span>\r\n                        <span class=\"accordion-icon-inactive accordion-minus\"><i class=\"fas fa-chevron-right\"><\/i><\/span>\r\n                    <\/span>\r\n                    <span id=\"header-text-1677260938643\" class=\"accordions-head-title\">Kundenbericht: Akkukapazit\u00e4t beim Handy<\/span>\r\n                            <\/div>\r\n            <div class=\"accordion-content content1677260938643 \">\r\n                <p>Erfahrungsbericht BE - Accu Power 'S'.<\/p>\n<p>Ich benutze BE Accu Power 'S' f\u00fcr mein Handy und mein iPad und ohne Zweifel kann man den positiven Effekt auf die Batterien beider Ger\u00e4te sehen, da sie viel l\u00e4nger halten und viel schneller geladen werden! Ich habe auch bemerkt, insbesondere bei meinem Mobiltelefon, dass meine Ger\u00e4te k\u00fchler laufen, was in der Tat sehr gut ist. Einer der Hauptgr\u00fcnde, warum ich BE - Accu Power 'S' gekauft habe, darin bestand, die Auswirkungen meiner Ger\u00e4te auf meinen K\u00f6rper aufgrund der abgegebenen Energie zu neutralisieren!'<\/p>\n<p>Steven Armstrong<\/p>\n<p>Business Development Manager<br \/>\nN.I Ltd.<br \/>\nUnit 1,<br \/>\nBluestone Business Pk,<br \/>\nMoyraverty West Rd,<br \/>\nBrownlow, (Craigavon),<br \/>\nCo.Armagh,<br \/>\nN.Ireland.<br \/>\nBT65 5HU.<br \/>\nTel :\u00a0<a href=\"tel:%2B44%20%280%29%202838%20345403\">+44 (0) 2838 345403<\/a><br \/>\nMob :\u00a0<a href=\"tel:%2B44%20%280%29%207771%20591269\">+44 (0) 7771 591269<\/a><\/p>\n            <\/div>\r\n    <\/div>\r\n\r\n\r\n\r\n            <\/div>\n<div id=\"accordions-1640\" class=\"accordions-1640 accordions\" data-accordions={&quot;lazyLoad&quot;:true,&quot;id&quot;:&quot;1640&quot;,&quot;event&quot;:&quot;click&quot;,&quot;collapsible&quot;:&quot;true&quot;,&quot;heightStyle&quot;:&quot;content&quot;,&quot;animateStyle&quot;:&quot;swing&quot;,&quot;animateDelay&quot;:1000,&quot;navigation&quot;:true,&quot;active&quot;:999,&quot;expandedOther&quot;:&quot;no&quot;}>\r\n                <div id=\"accordions-lazy-1640\" class=\"accordions-lazy\" accordionsId=\"1640\">\r\n                    <\/div>\r\n\r\n    <div class=\"items\"  style=\"display:none\" >\r\n    \r\n            <div post_id=\"1640\" itemcount=\"0\"  header_id=\"header-1677260501443\" id=\"header-1677260501443\" style=\"\" class=\"accordions-head head1677260501443 border-none\" toggle-text=\"\" main-text=\"Video: More power endurance with the Accu-Power\">\r\n                                    <span id=\"accordion-icons-1677260501443\" class=\"accordion-icons\">\r\n                        <span class=\"accordion-icon-active accordion-plus\"><i class=\"fas fa-chevron-up\"><\/i><\/span>\r\n                        <span class=\"accordion-icon-inactive accordion-minus\"><i class=\"fas fa-chevron-right\"><\/i><\/span>\r\n                    <\/span>\r\n                    <span id=\"header-text-1677260501443\" class=\"accordions-head-title\">Video: More power endurance with the Accu-Power<\/span>\r\n                            <\/div>\r\n            <div class=\"accordion-content content1677260501443 \">\r\n                <p><div style=\"width: 750px;\" class=\"wp-video\"><video class=\"wp-video-shortcode\" id=\"video-1445-1\" width=\"750\" height=\"422\" preload=\"metadata\" controls=\"controls\"><source type=\"video\/mp4\" src=\"https:\/\/www.n-g.at\/wp-content\/uploads\/2023\/02\/BE-Accupower-staerkt-die-Zellen.mp4?_=1\" \/><a href=\"https:\/\/www.n-g.at\/wp-content\/uploads\/2023\/02\/BE-Accupower-staerkt-die-Zellen.mp4\">https:\/\/www.n-g.at\/wp-content\/uploads\/2023\/02\/BE-Accupower-staerkt-die-Zellen.mp4<\/a><\/video><\/div><\/p>\n            <\/div>\r\n    <\/div>\r\n\r\n\r\n\r\n            <\/div>\n<p>&nbsp;<\/p>\n","protected":false},"excerpt":{"rendered":"<p>E-smog &nbsp; &nbsp; &nbsp; &nbsp;<\/p>\n","protected":false},"author":1,"featured_media":0,"parent":0,"menu_order":0,"comment_status":"closed","ping_status":"closed","template":"page-templates\/template-fullwidth.php","meta":{"om_disable_all_campaigns":false,"_monsterinsights_skip_tracking":false,"_monsterinsights_sitenote_active":false,"_monsterinsights_sitenote_note":"","_monsterinsights_sitenote_category":0,"_uf_show_specific_survey":0,"_uf_disable_surveys":false,"_themeisle_gutenberg_block_has_review":false,"footnotes":""},"class_list":["post-1445","page","type-page","status-publish","hentry"],"aioseo_notices":[],"_links":{"self":[{"href":"https:\/\/www.n-g.at\/en\/wp-json\/wp\/v2\/pages\/1445","targetHints":{"allow":["GET"]}}],"collection":[{"href":"https:\/\/www.n-g.at\/en\/wp-json\/wp\/v2\/pages"}],"about":[{"href":"https:\/\/www.n-g.at\/en\/wp-json\/wp\/v2\/types\/page"}],"author":[{"embeddable":true,"href":"https:\/\/www.n-g.at\/en\/wp-json\/wp\/v2\/users\/1"}],"replies":[{"embeddable":true,"href":"https:\/\/www.n-g.at\/en\/wp-json\/wp\/v2\/comments?post=1445"}],"version-history":[{"count":7,"href":"https:\/\/www.n-g.at\/en\/wp-json\/wp\/v2\/pages\/1445\/revisions"}],"predecessor-version":[{"id":1956,"href":"https:\/\/www.n-g.at\/en\/wp-json\/wp\/v2\/pages\/1445\/revisions\/1956"}],"wp:attachment":[{"href":"https:\/\/www.n-g.at\/en\/wp-json\/wp\/v2\/media?parent=1445"}],"curies":[{"name":"wp","href":"https:\/\/api.w.org\/{rel}","templated":true}]}}